{"id":4022,"date":"2023-03-07T15:30:52","date_gmt":"2023-03-07T14:30:52","guid":{"rendered":"https:\/\/nataliepaloma.at\/photographie\/?page_id=4022"},"modified":"2023-03-22T12:33:47","modified_gmt":"2023-03-22T11:33:47","slug":"contact","status":"publish","type":"page","link":"https:\/\/nataliepaloma.at\/photographie\/contact\/","title":{"rendered":"CONTACT"},"content":{"rendered":"","protected":false},"excerpt":{"rendered":"","protected":false},"author":1,"featured_media":0,"parent":0,"menu_order":2,"comment_status":"closed","ping_status":"closed","template":"","meta":{"footnotes":""},"yoast_head":"<!-- This site is optimized with the Yoast SEO plugin v21.6 - https:\/\/yoast.com\/wordpress\/plugins\/seo\/ -->\n<title>CONTACT - NATALIE PALOMA PHOTOGRAPHIE<\/title>\n<meta name=\"robots\" content=\"index, follow, max-snippet:-1, max-image-preview:large, max-video-preview:-1\" \/>\n<link rel=\"canonical\" href=\"https:\/\/nataliepaloma.at\/photographie\/contact\/\" \/>\n<meta property=\"og:locale\" content=\"de_DE\" \/>\n<meta property=\"og:type\" content=\"article\" \/>\n<meta property=\"og:title\" content=\"CONTACT - NATALIE PALOMA PHOTOGRAPHIE\" \/>\n<meta property=\"og:url\" content=\"https:\/\/nataliepaloma.at\/photographie\/contact\/\" \/>\n<meta property=\"og:site_name\" content=\"NATALIE PALOMA PHOTOGRAPHIE\" \/>\n<meta property=\"article:publisher\" content=\"https:\/\/www.facebook.com\/nataliepalomaphotographie\" \/>\n<meta property=\"article:modified_time\" content=\"2023-03-22T11:33:47+00:00\" \/>\n<meta name=\"twitter:card\" content=\"summary_large_image\" \/>\n<script type=\"application\/ld+json\" class=\"yoast-schema-graph\">{\"@context\":\"https:\/\/schema.org\",\"@graph\":[{\"@type\":\"WebPage\",\"@id\":\"https:\/\/nataliepaloma.at\/photographie\/contact\/\",\"url\":\"https:\/\/nataliepaloma.at\/photographie\/contact\/\",\"name\":\"CONTACT - NATALIE PALOMA PHOTOGRAPHIE\",\"isPartOf\":{\"@id\":\"https:\/\/nataliepaloma.at\/photographie\/#website\"},\"datePublished\":\"2023-03-07T14:30:52+00:00\",\"dateModified\":\"2023-03-22T11:33:47+00:00\",\"breadcrumb\":{\"@id\":\"https:\/\/nataliepaloma.at\/photographie\/contact\/#breadcrumb\"},\"inLanguage\":\"de-DE\",\"potentialAction\":[{\"@type\":\"ReadAction\",\"target\":[\"https:\/\/nataliepaloma.at\/photographie\/contact\/\"]}]},{\"@type\":\"BreadcrumbList\",\"@id\":\"https:\/\/nataliepaloma.at\/photographie\/contact\/#breadcrumb\",\"itemListElement\":[{\"@type\":\"ListItem\",\"position\":1,\"name\":\"Home\",\"item\":\"https:\/\/nataliepaloma.at\/photographie\/\"},{\"@type\":\"ListItem\",\"position\":2,\"name\":\"CONTACT\"}]},{\"@type\":\"WebSite\",\"@id\":\"https:\/\/nataliepaloma.at\/photographie\/#website\",\"url\":\"https:\/\/nataliepaloma.at\/photographie\/\",\"name\":\"NATALIE PALOMA PHOTOGRAPHIE\",\"description\":\"\",\"potentialAction\":[{\"@type\":\"SearchAction\",\"target\":{\"@type\":\"EntryPoint\",\"urlTemplate\":\"https:\/\/nataliepaloma.at\/photographie\/?s={search_term_string}\"},\"query-input\":\"required name=search_term_string\"}],\"inLanguage\":\"de-DE\"}]}<\/script>\n<!-- \/ Yoast SEO plugin. -->","yoast_head_json":{"title":"CONTACT - NATALIE PALOMA PHOTOGRAPHIE","robots":{"index":"index","follow":"follow","max-snippet":"max-snippet:-1","max-image-preview":"max-image-preview:large","max-video-preview":"max-video-preview:-1"},"canonical":"https:\/\/nataliepaloma.at\/photographie\/contact\/","og_locale":"de_DE","og_type":"article","og_title":"CONTACT - NATALIE PALOMA PHOTOGRAPHIE","og_url":"https:\/\/nataliepaloma.at\/photographie\/contact\/","og_site_name":"NATALIE PALOMA PHOTOGRAPHIE","article_publisher":"https:\/\/www.facebook.com\/nataliepalomaphotographie","article_modified_time":"2023-03-22T11:33:47+00:00","twitter_card":"summary_large_image","schema":{"@context":"https:\/\/schema.org","@graph":[{"@type":"WebPage","@id":"https:\/\/nataliepaloma.at\/photographie\/contact\/","url":"https:\/\/nataliepaloma.at\/photographie\/contact\/","name":"CONTACT - NATALIE PALOMA PHOTOGRAPHIE","isPartOf":{"@id":"https:\/\/nataliepaloma.at\/photographie\/#website"},"datePublished":"2023-03-07T14:30:52+00:00","dateModified":"2023-03-22T11:33:47+00:00","breadcrumb":{"@id":"https:\/\/nataliepaloma.at\/photographie\/contact\/#breadcrumb"},"inLanguage":"de-DE","potentialAction":[{"@type":"ReadAction","target":["https:\/\/nataliepaloma.at\/photographie\/contact\/"]}]},{"@type":"BreadcrumbList","@id":"https:\/\/nataliepaloma.at\/photographie\/contact\/#breadcrumb","itemListElement":[{"@type":"ListItem","position":1,"name":"Home","item":"https:\/\/nataliepaloma.at\/photographie\/"},{"@type":"ListItem","position":2,"name":"CONTACT"}]},{"@type":"WebSite","@id":"https:\/\/nataliepaloma.at\/photographie\/#website","url":"https:\/\/nataliepaloma.at\/photographie\/","name":"NATALIE PALOMA PHOTOGRAPHIE","description":"","potentialAction":[{"@type":"SearchAction","target":{"@type":"EntryPoint","urlTemplate":"https:\/\/nataliepaloma.at\/photographie\/?s={search_term_string}"},"query-input":"required name=search_term_string"}],"inLanguage":"de-DE"}]}},"grid":"{\r\n  \"colCount\": 26,\r\n  \"colGutter\": 1,\r\n  \"rowGutters\": [\r\n    3\r\n  ],\r\n  \"frameMargin\": 5,\r\n  \"leftFrameMargin\": 0,\r\n  \"rightFrameMargin\": 5,\r\n  \"topFrameMargin\": 0,\r\n  \"bottomFrameMargin\": 5,\r\n  \"rowAttrs\": [\r\n    {\r\n      \"relid\": 25\r\n    },\r\n    {\r\n      \"relid\": 23\r\n    }\r\n  ],\r\n  \"bgColor\": null,\r\n  \"bgImage\": null,\r\n  \"cont\": [\r\n    {\r\n      \"type\": \"stack\",\r\n      \"cont\": [\r\n        {\r\n          \"type\": \"img\",\r\n          \"cont\": \"\/c\/uploads\/2023\/03\/Portrait_53B3573_2_c-Branko-Bily.jpg\",\r\n          \"align\": \"top\",\r\n          \"row\": -1,\r\n          \"col\": 0,\r\n          \"colspan\": 10,\r\n          \"offsetx\": 0,\r\n          \"offsety\": 0,\r\n          \"spaceabove\": 8,\r\n          \"spacebelow\": 0,\r\n          \"yvel\": 1,\r\n          \"push\": 0,\r\n          \"relid\": 777,\r\n          \"attid\": 5369,\r\n          \"sizes\": {\r\n            \"full\": \"\/c\/uploads\/2023\/03\/Portrait_53B3573_2_c-Branko-Bily.jpg\",\r\n            \"_768\": \"\/c\/uploads\/2023\/03\/Portrait_53B3573_2_c-Branko-Bily-768x988.jpg\",\r\n            \"_512\": \"\/c\/uploads\/2023\/03\/Portrait_53B3573_2_c-Branko-Bily-512x658.jpg\",\r\n            \"_265\": \"\/c\/uploads\/2023\/03\/Portrait_53B3573_2_c-Branko-Bily-265x341.jpg\"\r\n          },\r\n          \"w\": 1000,\r\n          \"h\": 1286,\r\n          \"ar\": 1.286,\r\n          \"alt\": \"\",\r\n          \"absolute_position\": false,\r\n          \"frameOverflow\": \"left\"\r\n        },\r\n        {\r\n          \"type\": \"text\",\r\n          \"cont\": \"<p style=\\\"text-align: right; line-height: 1;\\\"><span style=\\\"font-size: 11px;\\\">\u00a9 Branko Bily<\/span><\/p>\",\r\n          \"align\": \"onethird\",\r\n          \"row\": -1,\r\n          \"col\": 6,\r\n          \"colspan\": 4,\r\n          \"offsetx\": 0,\r\n          \"offsety\": 0,\r\n          \"spaceabove\": 0.5,\r\n          \"spacebelow\": 0,\r\n          \"yvel\": 1,\r\n          \"push\": 6,\r\n          \"relid\": 27,\r\n          \"absolute_position\": false\r\n        }\r\n      ],\r\n      \"relid\": 26,\r\n      \"colspan\": 11,\r\n      \"col\": 0,\r\n      \"push\": 0,\r\n      \"row\": 0,\r\n      \"offsetx\": 0,\r\n      \"offsety\": 0,\r\n      \"spaceabove\": 0,\r\n      \"spacebelow\": 0,\r\n      \"align\": \"top\",\r\n      \"yvel\": 1,\r\n      \"absolute_position\": false,\r\n      \"frameOverflow\": \"\"\r\n    },\r\n    {\r\n      \"type\": \"text\",\r\n      \"cont\": \"<p style=\\\"line-height: 1.3;\\\">\u00a0<\/p><p style=\\\"line-height: 1.3;\\\">\u00a0<\/p><p style=\\\"line-height: 1.3;\\\"><br \/><br \/><br \/><br \/><\/p><p style=\\\"line-height: 1.3;\\\"><img class=\\\"alignnone size-medium wp-image-5410\\\" src=\\\"https:\/\/nataliepaloma.at\/photographie\/c\/uploads\/2023\/03\/Email-Adresse-150x18.jpg\\\" alt=\\\"\\\" width=\\\"150\\\" height=\\\"18\\\" \/><br \/><br \/><br \/><span style=\\\"font-size: 13px;\\\">Hallo \u2013 es freut mich, dass ihr hergefunden habt.\u2028<br \/>Ich hoffe ihr konntet euch einen guten \u00dcberblick meiner Arbeiten verschaffen und euch gef\u00e4llt was ihr seht.<br \/><br \/>Meine Begeisterung zur Fotografie fand ich schon recht fr\u00fch, weswegen ich meine Ausbildung an \u201eder Graphischen\u201c im Alter von 14 Jahren begann. Doch schon davor konnte ich meine Kamera, besonders in Urlauben, nicht aus der Hand legen. Auch heute noch liebe ich es zu reisen und Neues zu entdecken. Die meiste Freude bereitet mir das Zusammenarbeiten mit anderen, weswegen ich im Bereich der Portrait-, Lifestyle- und Hochzeitsfotografie t\u00e4tig bin. Das Spannendste an meinem Beruf ist es, durch jede neue Begegnung Einblick in einzigartige Geschichten zu bekommen und diese dann durch Fotos in greifbare Erinnerungen verwandeln zu k\u00f6nnen.<\/span><br \/><span style=\\\"font-size: 13px;\\\"><br \/>Ich hoffe, wir lernen uns bald kennen und freue mich auf eure Nachrichten!\u2028<br \/>\u2013 Natalie<br \/><br \/><br \/><\/span><em><span style=\\\"font-size: 13px;\\\">Hello - I'm glad you found your way here.\u2028<\/span><\/em><br \/><em><span style=\\\"font-size: 13px;\\\">I hope you got a good overview of my work and you like what you see.<\/span><\/em><\/p><p style=\\\"line-height: 1.3;\\\"><em><span style=\\\"font-size: 13px;\\\">I found my enthusiasm for photography quite early, which is why I started my education at \\\"die Graphische\\\" at the age of 14. But even before that, I couldn't put my camera down, especially on holiday. Even today I love to travel and discover new things I get the most pleasure from working with others, which is why I work in portrait, lifestyle and wedding photography. The most exciting part of my job is gaining insight into unique stories through each new encounter and then being able to turn them into tangible memories through photographs.<\/span><\/em><\/p><p style=\\\"line-height: 1.3;\\\"><em><span style=\\\"font-size: 13px;\\\">I hope to meet you soon and look forward to hearing from you!<br \/>\u2013 Natalie<\/span><\/em><\/p>\",\r\n      \"align\": \"top\",\r\n      \"row\": 0,\r\n      \"col\": 11,\r\n      \"colspan\": 10,\r\n      \"offsetx\": 0,\r\n      \"offsety\": 0,\r\n      \"spaceabove\": 0,\r\n      \"spacebelow\": 0,\r\n      \"yvel\": 1,\r\n      \"push\": 0,\r\n      \"relid\": 24,\r\n      \"absolute_position\": false,\r\n      \"frameOverflow\": \"\"\r\n    },\r\n    {\r\n      \"type\": \"text\",\r\n      \"cont\": \"<p style=\\\"line-height: 1.4;\\\"><span style=\\\"font-size: 14px;\\\"><strong>Beruf \/ <em>Profession<\/em>:\u2028<\/strong><br \/>2020\u20132023 Photo Director WIENERIN Magazin\u2028 + Spar Mahlzeit<br \/><\/span><span style=\\\"font-size: 14px;\\\">2017\u20132020 Fotoredakteurin WIENERIN Magazin\u2028 + Spar Mahlzeit<br \/>seit 2018 Berufsfotografin<\/span><br \/><span style=\\\"font-size: 14px;\\\">\u00a0<\/span><br \/><span style=\\\"font-size: 14px;\\\"><strong>Ausbildung \/ <em>Education<\/em>:\u2028<\/strong><br \/>2015\u20132018 Universit\u00e4t f\u00fcr k\u00fcnstlerische und industrielle Gestaltung, Linz (Master of Arts)\u2028<br \/>2012\u20132015 Universit\u00e4t f\u00fcr k\u00fcnstlerische und industrielle Gestaltung, Linz (Bachelor of Arts)\u2028<br \/>2007\u20132012 H\u00f6here Graphische Bundes- Lehr- und Versuchsanstalt, Wien<\/span><\/p>\",\r\n      \"align\": \"top\",\r\n      \"row\": 1,\r\n      \"col\": 1,\r\n      \"colspan\": 12,\r\n      \"offsetx\": 1,\r\n      \"offsety\": 0,\r\n      \"spaceabove\": 0,\r\n      \"spacebelow\": 0,\r\n      \"yvel\": 1,\r\n      \"push\": 1,\r\n      \"relid\": 779,\r\n      \"absolute_position\": false,\r\n      \"frameOverflow\": \"\"\r\n    }\r\n  ]\r\n}","phonegrid":"","_links":{"self":[{"href":"https:\/\/nataliepaloma.at\/photographie\/wp-json\/wp\/v2\/pages\/4022"}],"collection":[{"href":"https:\/\/nataliepaloma.at\/photographie\/wp-json\/wp\/v2\/pages"}],"about":[{"href":"https:\/\/nataliepaloma.at\/photographie\/wp-json\/wp\/v2\/types\/page"}],"author":[{"embeddable":true,"href":"https:\/\/nataliepaloma.at\/photographie\/wp-json\/wp\/v2\/users\/1"}],"replies":[{"embeddable":true,"href":"https:\/\/nataliepaloma.at\/photographie\/wp-json\/wp\/v2\/comments?post=4022"}],"version-history":[{"count":0,"href":"https:\/\/nataliepaloma.at\/photographie\/wp-json\/wp\/v2\/pages\/4022\/revisions"}],"wp:attachment":[{"href":"https:\/\/nataliepaloma.at\/photographie\/wp-json\/wp\/v2\/media?parent=4022"}],"curies":[{"name":"wp","href":"https:\/\/api.w.org\/{rel}","templated":true}]}}